{"id":50,"date":"2016-09-17T08:40:03","date_gmt":"2016-09-17T07:40:03","guid":{"rendered":"http:\/\/allonsenvent.be\/?page_id=50"},"modified":"2023-04-01T15:53:10","modified_gmt":"2023-04-01T14:53:10","slug":"nosprojets","status":"publish","type":"page","link":"https:\/\/allonsenvent.be\/index.php\/nosprojets\/","title":{"rendered":"Nos projets"},"content":{"rendered":"<p>Allons en Vent a particip\u00e9 ou participe actuellement \u00e0 <span style=\"color: #3366ff;\"><strong>9 projets<\/strong><\/span> de production d'\u00e9nergie renouvelable (par ordre chronologique):<\/p>\n<ol>\n<li><span style=\"color: #3366ff;\">L'<strong>Eolienne des Enfants de Finnevaux<\/strong><\/span> (Enercon E-48, 800 kW): Allons en Vent est propri\u00e9taire de cette \u00e9olienne, qui produit de l'\u00e9lectricit\u00e9 verte depuis 2006 (production annuelle de 1.000 MWh, soit l'\u00e9quivalent de la consommation de 320 m\u00e9nages). <img loading=\"lazy\" decoding=\"async\" class=\"alignnone size-medium wp-image-430 aligncenter\" src=\"http:\/\/allonsenvent.be\/wp-content\/uploads\/2019\/09\/2006_Allons_en_Vent-Inauguration-Eolienne-des-Enfants-300x200.jpg\" alt=\"\" width=\"300\" height=\"200\" srcset=\"https:\/\/allonsenvent.be\/wp-content\/uploads\/2019\/09\/2006_Allons_en_Vent-Inauguration-Eolienne-des-Enfants-300x200.jpg 300w, https:\/\/allonsenvent.be\/wp-content\/uploads\/2019\/09\/2006_Allons_en_Vent-Inauguration-Eolienne-des-Enfants-768x512.jpg 768w, https:\/\/allonsenvent.be\/wp-content\/uploads\/2019\/09\/2006_Allons_en_Vent-Inauguration-Eolienne-des-Enfants-1024x683.jpg 1024w, https:\/\/allonsenvent.be\/wp-content\/uploads\/2019\/09\/2006_Allons_en_Vent-Inauguration-Eolienne-des-Enfants-960x640.jpg 960w\" sizes=\"auto, (max-width: 300px) 100vw, 300px\" \/><img loading=\"lazy\" decoding=\"async\" class=\"alignnone size-medium wp-image-431 aligncenter\" src=\"http:\/\/allonsenvent.be\/wp-content\/uploads\/2019\/09\/Allons_en_Vent-cooperatrice-cerf-volant-254x300.jpg\" alt=\"\" width=\"254\" height=\"300\" srcset=\"https:\/\/allonsenvent.be\/wp-content\/uploads\/2019\/09\/Allons_en_Vent-cooperatrice-cerf-volant-254x300.jpg 254w, https:\/\/allonsenvent.be\/wp-content\/uploads\/2019\/09\/Allons_en_Vent-cooperatrice-cerf-volant-768x907.jpg 768w, https:\/\/allonsenvent.be\/wp-content\/uploads\/2019\/09\/Allons_en_Vent-cooperatrice-cerf-volant.jpg 867w\" sizes=\"auto, (max-width: 254px) 100vw, 254px\" \/><\/li>\n<li><span style=\"color: #3366ff;\">L'<strong>Eolienne des Enfants de Chagny<\/strong><\/span> (France; 2 \u00e9oliennes Enercon E-48, 800 kW): Allons en Vent d\u00e9tient 125 actions (= 0,70% du capital social) de la soci\u00e9t\u00e9 fran\u00e7aise \"Aile des Cr\u00eates C2 SAS\". <a href=\"http:\/\/allonsenvent.be\/wp-content\/uploads\/2019\/09\/2015-10-29-Parc-eolien-citoyen-des-Ailes-des-Cretes.pdf\" target=\"_blank\" rel=\"noopener\">Parc eolien citoyen des Ailes des Cretes<\/a><\/li>\n<li><span style=\"color: #3366ff;\"><strong>Installations photovolta\u00efques \u00e0 Bellefontaine<\/strong><\/span>: Allons en Vent a financ\u00e9 75% du projet, qui a \u00e9t\u00e9 mont\u00e9 par la coop\u00e9rative Gaume Energies. Plus d'infos sur <a href=\"http:\/\/gaumeenergies.be\/projets\/2016-bellefontaine-photovoltaique\/\" target=\"_blank\" rel=\"noopener\">Gaume Energies - Projet Bellefontaine<\/a><\/li>\n<li><span style=\"color: #3366ff;\"><strong>Chaudi\u00e8re \u00e0 pellets et boilers thermodynamiques \u00e0 Saint-Hubert<\/strong> <\/span>: Allons en Vent a financ\u00e9 75% de ces installations, via la coop\u00e9rative Gaume Energies. Ce projet r\u00e9sidentiel est g\u00e9r\u00e9 par la coop\u00e9rative Prom\u00e9thique. Plus d'infos sur <a href=\"http:\/\/gaumeenergies.be\/projets\/2016-saint-hubert-bois-energie\/\" target=\"_blank\" rel=\"noopener\">Gaume Energies - Projet Prom\u00e9thique<\/a> et sur <a href=\"http:\/\/www.promethique.be\/\" target=\"_blank\" rel=\"noopener\">Coop\u00e9rative Prom\u00e9thique<\/a><\/li>\n<li><span style=\"color: #3366ff;\"><strong>Cog\u00e9n\u00e9ration de la laiterie de Walhorn<\/strong><\/span>: Allons en Vent a particip\u00e9 au financement via une campagne de crowdfunding. La cog\u00e9n\u00e9ration est exploit\u00e9e par la soci\u00e9t\u00e9 Coretec Services. Plus d'infos sur <a href=\"http:\/\/coretec.be\/laiterie-de-walhorn-sequipe-dune-cogeneration-15-mwe\/\" target=\"_blank\" rel=\"noopener\">Coretec - Laiterie de Walhorn<\/a><\/li>\n<li><span style=\"color: #3366ff;\"><strong>Installations photovolta\u00efques \"Sun for School\"<\/strong> <\/span>: Allons en Vent a particip\u00e9 au financement de la coop\u00e9rative Enerschool, qui est le moteur de ce projet d'installations photovolta\u00efques dans les \u00e9coles \u00e0 Bruxelles et en Wallonie. Plus d'infos sur <a href=\"http:\/\/www.sunforschools.be\" target=\"_blank\" rel=\"noopener\">www.sunforschools.be<\/a><\/li>\n<li><span style=\"color: #3366ff;\"><strong>Installation hydro\u00e9lectrique \u00e0 Monceau-sur-Sambre<\/strong><\/span>: Allons en Vent d\u00e9tient 30 actions (= 3,0% du capital social) de la soci\u00e9t\u00e9 anonyme \"Monceau Hydro\", qui exploite depuis mai 2017 une installation hydro\u00e9lectrique sur la Sambre, \u00e0 Monceau. Elle se compose de 3 turbines de 200 kW, et produit 1.300 MWh\/an.<\/li>\n<li><span style=\"color: #3366ff;\"><strong>Installations hydro\u00e9lectriques sur l'Ourthe et la Sambre<\/strong><\/span>: Allons en Vent d\u00e9tient 25 actions (= 1,8% du capital social) de la soci\u00e9t\u00e9 coop\u00e9rative \"HOSe\", qui exploite des installations hydro\u00e9lectriques sur l'Ourthe et la Sambre.<\/li>\n<li><span style=\"color: #3366ff;\"><strong>Eolienne Citoyenne de Fauvillers <\/strong><\/span>(Vestas V100, 2,2 MW): Allons en Vent d\u00e9tient 420 actions (= 14,0% du capital social) de la soci\u00e9t\u00e9 coop\u00e9rative \"Eolienne Citoyenne de Fauvillers\", qui exploite depuis fin 2021 une \u00e9olienne dans la province du Luxembourg (production annuelle de 4.300 MWh)<\/li>\n<\/ol>\n","protected":false},"excerpt":{"rendered":"<p>Allons en Vent a particip\u00e9 ou participe actuellement \u00e0 9 projets de production d'\u00e9nergie renouvelable (par ordre chronologique): L'Eolienne des Enfants de Finnevaux (Enercon E-48, 800 kW): Allons en Vent est propri\u00e9taire de cette \u00e9olienne, qui produit de l'\u00e9lectricit\u00e9 verte depuis 2006 (production annuelle de 1.000 MWh, soit l'\u00e9quivalent de la consommation de 320 m\u00e9nages). <a href=\"https:\/\/allonsenvent.be\/index.php\/nosprojets\/\" class=\"more-link\">...continuer la lecture de<span class=\"screen-reader-text\"> \"Nos projets\"<\/span><\/a><\/p>\n","protected":false},"author":1,"featured_media":0,"parent":0,"menu_order":0,"comment_status":"closed","ping_status":"closed","template":"","meta":{"_uag_custom_page_level_css":"","footnotes":""},"class_list":["post-50","page","type-page","status-publish","h-entry","hentry","h-as-page"],"uagb_featured_image_src":{"full":false,"thumbnail":false,"medium":false,"medium_large":false,"large":false,"1536x1536":false,"2048x2048":false,"custom-header-image":false},"uagb_author_info":{"display_name":"AEV","author_link":"https:\/\/allonsenvent.be\/index.php\/author\/admin1371\/"},"uagb_comment_info":0,"uagb_excerpt":"Allons en Vent a particip\u00e9 ou participe actuellement \u00e0 9 projets de production d'\u00e9nergie renouvelable (par ordre chronologique): L'Eolienne des Enfants de Finnevaux (Enercon E-48, 800 kW): Allons en Vent est propri\u00e9taire de cette \u00e9olienne, qui produit de l'\u00e9lectricit\u00e9 verte depuis 2006 (production annuelle de 1.000 MWh, soit l'\u00e9quivalent de la consommation de 320 m\u00e9nages).\u2026","_links":{"self":[{"href":"https:\/\/allonsenvent.be\/index.php\/wp-json\/wp\/v2\/pages\/50","targetHints":{"allow":["GET"]}}],"collection":[{"href":"https:\/\/allonsenvent.be\/index.php\/wp-json\/wp\/v2\/pages"}],"about":[{"href":"https:\/\/allonsenvent.be\/index.php\/wp-json\/wp\/v2\/types\/page"}],"author":[{"embeddable":true,"href":"https:\/\/allonsenvent.be\/index.php\/wp-json\/wp\/v2\/users\/1"}],"replies":[{"embeddable":true,"href":"https:\/\/allonsenvent.be\/index.php\/wp-json\/wp\/v2\/comments?post=50"}],"version-history":[{"count":17,"href":"https:\/\/allonsenvent.be\/index.php\/wp-json\/wp\/v2\/pages\/50\/revisions"}],"predecessor-version":[{"id":693,"href":"https:\/\/allonsenvent.be\/index.php\/wp-json\/wp\/v2\/pages\/50\/revisions\/693"}],"wp:attachment":[{"href":"https:\/\/allonsenvent.be\/index.php\/wp-json\/wp\/v2\/media?parent=50"}],"curies":[{"name":"wp","href":"https:\/\/api.w.org\/{rel}","templated":true}]}}